{"id":164,"date":"2020-09-17T16:48:45","date_gmt":"2020-09-17T16:48:45","guid":{"rendered":"https:\/\/montajespublicitarios.net\/?page_id=164"},"modified":"2020-09-23T10:19:20","modified_gmt":"2020-09-23T10:19:20","slug":"prevencion-rrll","status":"publish","type":"page","link":"https:\/\/montajespublicitarios.net\/index.php\/prevencion-rrll\/","title":{"rendered":"Prevenci\u00f3n RRLL"},"content":{"rendered":"\t\t<div data-elementor-type=\"wp-page\" data-elementor-id=\"164\" class=\"elementor elementor-164\">\n\t\t\t\t\t\t<section class=\"elementor-section elementor-top-section elementor-element elementor-element-b61a72f elementor-section-boxed elementor-section-height-default elementor-section-height-default\" data-id=\"b61a72f\" data-element_type=\"section\">\n\t\t\t\t\t\t<div class=\"elementor-container elementor-column-gap-default\">\n\t\t\t\t\t<div class=\"elementor-column elementor-col-100 elementor-top-column elementor-element elementor-element-77cbbad\" data-id=\"77cbbad\" data-element_type=\"column\">\n\t\t\t<div class=\"elementor-widget-wrap elementor-element-populated\">\n\t\t\t\t\t\t<div class=\"elementor-element elementor-element-420648e elementor-widget elementor-widget-heading\" data-id=\"420648e\" data-element_type=\"widget\" data-widget_type=\"heading.default\">\n\t\t\t\t<div class=\"elementor-widget-container\">\n\t\t\t<h4 class=\"elementor-heading-title elementor-size-default\">Prevenci\u00f3n de Riesgos Laborales<\/h4>\t\t<\/div>\n\t\t\t\t<\/div>\n\t\t\t\t\t<\/div>\n\t\t<\/div>\n\t\t\t\t\t<\/div>\n\t\t<\/section>\n\t\t\t\t<section class=\"elementor-section elementor-top-section elementor-element elementor-element-e29d50a elementor-section-boxed elementor-section-height-default elementor-section-height-default\" data-id=\"e29d50a\" data-element_type=\"section\">\n\t\t\t\t\t\t<div class=\"elementor-container elementor-column-gap-default\">\n\t\t\t\t\t<div class=\"elementor-column elementor-col-66 elementor-top-column elementor-element elementor-element-98ecebe\" data-id=\"98ecebe\" data-element_type=\"column\">\n\t\t\t<div class=\"elementor-widget-wrap elementor-element-populated\">\n\t\t\t\t\t\t<div class=\"elementor-element elementor-element-0776922 elementor-widget elementor-widget-text-editor\" data-id=\"0776922\" data-element_type=\"widget\" data-widget_type=\"text-editor.default\">\n\t\t\t\t<div class=\"elementor-widget-container\">\n\t\t\t\t\t\t\t<p>En <b>Montajes Publicitarios <\/b>somos conscientes de la importancia y en ocasiones la dificultad en el cumplimiento de la legislaci\u00f3n en prevenci\u00f3n de riesgos laborales, regulada principalmente por la Ley 31\/1995, de 8 de noviembre, as\u00ed como el Real Decreto 486\/1997 de 14 de abril y Real Decreto 1627\/1997 de 24 de Octubre.<\/p><p>Disponemos de toda la documentaci\u00f3n para realizar todo tipo de montajes publicitarios. Asimismo, trabajamos con todas las plataformas para subir dicha informaci\u00f3n a la empresa.<\/p><p>Tambi\u00e9n realizamos Planes de Seguridad y Salud para aquellos trabajos que lo necesiten.<\/p><p>Tambi\u00e9n aportamos la documentaci\u00f3n de todos los veh\u00edculos y maquinaria empleada en el montaje, as\u00ed como PRL de los operarios de las mismas. <\/p>\t\t\t\t\t\t<\/div>\n\t\t\t\t<\/div>\n\t\t\t\t\t<\/div>\n\t\t<\/div>\n\t\t\t\t<div class=\"elementor-column elementor-col-33 elementor-top-column elementor-element elementor-element-0d1db84\" data-id=\"0d1db84\" data-element_type=\"column\">\n\t\t\t<div class=\"elementor-widget-wrap elementor-element-populated\">\n\t\t\t\t\t\t<div class=\"elementor-element elementor-element-798448d elementor-widget elementor-widget-image\" data-id=\"798448d\" data-element_type=\"widget\" data-widget_type=\"image.default\">\n\t\t\t\t<div class=\"elementor-widget-container\">\n\t\t\t\t\t\t\t\t\t\t\t\t\t<img fetchpriority=\"high\" decoding=\"async\" width=\"359\" height=\"294\" src=\"https:\/\/montajespublicitarios.net\/wp-content\/uploads\/2020\/09\/prevencion_RRLL.jpg\" class=\"attachment-large size-large wp-image-166\" alt=\"\" srcset=\"https:\/\/montajespublicitarios.net\/wp-content\/uploads\/2020\/09\/prevencion_RRLL.jpg 359w, https:\/\/montajespublicitarios.net\/wp-content\/uploads\/2020\/09\/prevencion_RRLL-300x246.jpg 300w\" sizes=\"(max-width: 359px) 100vw, 359px\" \/>\t\t\t\t\t\t\t\t\t\t\t\t\t<\/div>\n\t\t\t\t<\/div>\n\t\t\t\t\t<\/div>\n\t\t<\/div>\n\t\t\t\t\t<\/div>\n\t\t<\/section>\n\t\t\t\t<section class=\"elementor-section elementor-top-section elementor-element elementor-element-3ca2536 elementor-section-boxed elementor-section-height-default elementor-section-height-default\" data-id=\"3ca2536\" data-element_type=\"section\">\n\t\t\t\t\t\t<div class=\"elementor-container elementor-column-gap-default\">\n\t\t\t\t\t<div class=\"elementor-column elementor-col-66 elementor-top-column elementor-element elementor-element-90962bd\" data-id=\"90962bd\" data-element_type=\"column\">\n\t\t\t<div class=\"elementor-widget-wrap elementor-element-populated\">\n\t\t\t\t\t\t<div class=\"elementor-element elementor-element-065f091 elementor-widget elementor-widget-text-editor\" data-id=\"065f091\" data-element_type=\"widget\" data-widget_type=\"text-editor.default\">\n\t\t\t\t<div class=\"elementor-widget-container\">\n\t\t\t\t\t\t\t<h4>Estamos dados de alta en las siguientes plataformas de Prevenci\u00f3n de Riesgos Laborales:<\/h4>\t\t\t\t\t\t<\/div>\n\t\t\t\t<\/div>\n\t\t\t\t\t<\/div>\n\t\t<\/div>\n\t\t\t\t<div class=\"elementor-column elementor-col-33 elementor-top-column elementor-element elementor-element-82b6f2b\" data-id=\"82b6f2b\" data-element_type=\"column\">\n\t\t\t<div class=\"elementor-widget-wrap elementor-element-populated\">\n\t\t\t\t\t\t<div class=\"elementor-element elementor-element-231a383 elementor-widget elementor-widget-image\" data-id=\"231a383\" data-element_type=\"widget\" data-widget_type=\"image.default\">\n\t\t\t\t<div class=\"elementor-widget-container\">\n\t\t\t\t\t\t\t\t\t\t\t\t\t<img decoding=\"async\" width=\"150\" height=\"53\" src=\"https:\/\/montajespublicitarios.net\/wp-content\/uploads\/2020\/09\/plataforma.jpg\" class=\"attachment-large size-large wp-image-190\" alt=\"\" \/>\t\t\t\t\t\t\t\t\t\t\t\t\t<\/div>\n\t\t\t\t<\/div>\n\t\t\t\t\t<\/div>\n\t\t<\/div>\n\t\t\t\t\t<\/div>\n\t\t<\/section>\n\t\t\t\t<section class=\"elementor-section elementor-top-section elementor-element elementor-element-cbd2e0b elementor-section-boxed elementor-section-height-default elementor-section-height-default\" data-id=\"cbd2e0b\" data-element_type=\"section\">\n\t\t\t\t\t\t<div class=\"elementor-container elementor-column-gap-default\">\n\t\t\t\t\t<div class=\"elementor-column elementor-col-100 elementor-top-column elementor-element elementor-element-fb15298\" data-id=\"fb15298\" data-element_type=\"column\">\n\t\t\t<div class=\"elementor-widget-wrap elementor-element-populated\">\n\t\t\t\t\t\t<div class=\"elementor-element elementor-element-a2be046 elementor-widget elementor-widget-text-editor\" data-id=\"a2be046\" data-element_type=\"widget\" data-widget_type=\"text-editor.default\">\n\t\t\t\t<div class=\"elementor-widget-container\">\n\t\t\t\t\t\t\t<h4>Trabajamos para cualquier plataforma que utilice el cliente.<\/h4>\t\t\t\t\t\t<\/div>\n\t\t\t\t<\/div>\n\t\t\t\t\t<\/div>\n\t\t<\/div>\n\t\t\t\t\t<\/div>\n\t\t<\/section>\n\t\t\t\t<section class=\"elementor-section elementor-top-section elementor-element elementor-element-2b944e6 elementor-section-boxed elementor-section-height-default elementor-section-height-default\" data-id=\"2b944e6\" data-element_type=\"section\">\n\t\t\t\t\t\t<div class=\"elementor-container elementor-column-gap-default\">\n\t\t\t\t\t<div class=\"elementor-column elementor-col-100 elementor-top-column elementor-element elementor-element-8dd116a\" data-id=\"8dd116a\" data-element_type=\"column\">\n\t\t\t<div class=\"elementor-widget-wrap elementor-element-populated\">\n\t\t\t\t\t\t<div class=\"elementor-element elementor-element-51c404e elementor-widget elementor-widget-heading\" data-id=\"51c404e\" data-element_type=\"widget\" data-widget_type=\"heading.default\">\n\t\t\t\t<div class=\"elementor-widget-container\">\n\t\t\t<h4 class=\"elementor-heading-title elementor-size-default\">Documentaci\u00f3n en Prevenci\u00f3n de Riesgos Laborales<\/h4>\t\t<\/div>\n\t\t\t\t<\/div>\n\t\t\t\t\t<\/div>\n\t\t<\/div>\n\t\t\t\t\t<\/div>\n\t\t<\/section>\n\t\t\t\t<section class=\"elementor-section elementor-top-section elementor-element elementor-element-061262e elementor-section-boxed elementor-section-height-default elementor-section-height-default\" data-id=\"061262e\" data-element_type=\"section\">\n\t\t\t\t\t\t<div class=\"elementor-container elementor-column-gap-default\">\n\t\t\t\t\t<div class=\"elementor-column elementor-col-100 elementor-top-column elementor-element elementor-element-e23d4ea\" data-id=\"e23d4ea\" data-element_type=\"column\">\n\t\t\t<div class=\"elementor-widget-wrap elementor-element-populated\">\n\t\t\t\t\t\t<div class=\"elementor-element elementor-element-665649c elementor-widget elementor-widget-text-editor\" data-id=\"665649c\" data-element_type=\"widget\" data-widget_type=\"text-editor.default\">\n\t\t\t\t<div class=\"elementor-widget-container\">\n\t\t\t\t\t\t\t<p>\u00a0<\/p><p>Por ello, disponemos de toda la documentaci\u00f3n que nos puedan exigir en cumplimiento de dicha normativa, entre la que destacamos:<\/p><h3><b>CURSOS:<\/b><\/h3><p>CURSO DE PLATAFORMAS ELEVADORAS<\/p><p>CURSO ESPEC\u00cdFICO DE ALBA\u00d1ILER\u00cdA 20 HORAS<\/p><p>CURSO ESPECIFICO DE ELECTRICIDAD<\/p><p>CURSO ESPEC\u00cdFICO DE ROTULACI\u00d3N 20 HORAS<\/p><p>HOMOLOGACI\u00d3N DE SOLDADURA<\/p><p>P.R.L. 8 Y 20 HORAS<\/p><p>PASAPORTE DE SEGURIDAD EN MONTAJE<\/p><p>RECURSO PREVENTIVO ( P.R.L. 60 HORAS )<\/p><p>Asimismo, nuestra empresa est\u00e1 inscrita en el <b>REA<\/b> (Registro de empresas Acreditadas).<\/p>\t\t\t\t\t\t<\/div>\n\t\t\t\t<\/div>\n\t\t\t\t\t<\/div>\n\t\t<\/div>\n\t\t\t\t\t<\/div>\n\t\t<\/section>\n\t\t\t\t<section class=\"elementor-section elementor-top-section elementor-element elementor-element-2667dec elementor-section-boxed elementor-section-height-default elementor-section-height-default\" data-id=\"2667dec\" data-element_type=\"section\">\n\t\t\t\t\t\t<div class=\"elementor-container elementor-column-gap-default\">\n\t\t\t\t\t<div class=\"elementor-column elementor-col-100 elementor-top-column elementor-element elementor-element-cdd7623\" data-id=\"cdd7623\" data-element_type=\"column\">\n\t\t\t<div class=\"elementor-widget-wrap elementor-element-populated\">\n\t\t\t\t\t\t<div class=\"elementor-element elementor-element-4c77518 elementor-widget elementor-widget-heading\" data-id=\"4c77518\" data-element_type=\"widget\" data-widget_type=\"heading.default\">\n\t\t\t\t<div class=\"elementor-widget-container\">\n\t\t\t<h4 class=\"elementor-heading-title elementor-size-default\">Servicios<\/h4>\t\t<\/div>\n\t\t\t\t<\/div>\n\t\t\t\t\t<\/div>\n\t\t<\/div>\n\t\t\t\t\t<\/div>\n\t\t<\/section>\n\t\t\t\t<section class=\"elementor-section elementor-top-section elementor-element elementor-element-5df1199 elementor-section-boxed elementor-section-height-default elementor-section-height-default\" data-id=\"5df1199\" data-element_type=\"section\">\n\t\t\t\t\t\t<div class=\"elementor-container elementor-column-gap-default\">\n\t\t\t\t\t<div class=\"elementor-column elementor-col-100 elementor-top-column elementor-element elementor-element-5a96a39\" data-id=\"5a96a39\" data-element_type=\"column\">\n\t\t\t<div class=\"elementor-widget-wrap elementor-element-populated\">\n\t\t\t\t\t\t<div class=\"elementor-element elementor-element-e788107 elementor-widget elementor-widget-text-editor\" data-id=\"e788107\" data-element_type=\"widget\" data-widget_type=\"text-editor.default\">\n\t\t\t\t<div class=\"elementor-widget-container\">\n\t\t\t\t\t\t\t<p>Adem\u00e1s de toda la documentaci\u00f3n necesaria para los montajes ofrecemos los siguientes<\/p><h3><b>SERVICIOS:<\/b><\/h3><p>APERTURA DE CENTRO DE TRABAJO.<\/p><p>\u00a0PLAN DE SEGURIDAD Y SALUD SEG\u00daN PROYECTO.<\/p><p>\u00a0ADHESI\u00d3N A PLAN DE SEGURIDAD Y SALUD DE OBRA ABIERTA.<\/p><p>\u00a0<\/p>\t\t\t\t\t\t<\/div>\n\t\t\t\t<\/div>\n\t\t\t\t\t<\/div>\n\t\t<\/div>\n\t\t\t\t\t<\/div>\n\t\t<\/section>\n\t\t\t\t<\/div>\n\t\t","protected":false},"excerpt":{"rendered":"<p>Prevenci\u00f3n de Riesgos Laborales En Montajes Publicitarios somos conscientes de la importancia y en ocasiones la dificultad en el cumplimiento de la legislaci\u00f3n en prevenci\u00f3n de riesgos laborales, regulada principalmente por la Ley 31\/1995, de 8 de noviembre, as\u00ed como el Real Decreto 486\/1997 de 14 de abril y Real Decreto 1627\/1997 de 24 de&hellip; <br \/> <a class=\"read-more\" href=\"https:\/\/montajespublicitarios.net\/index.php\/prevencion-rrll\/\">Leer m\u00e1s<\/a><\/p>\n","protected":false},"author":1,"featured_media":0,"parent":0,"menu_order":0,"comment_status":"closed","ping_status":"closed","template":"","meta":{"footnotes":""},"class_list":["post-164","page","type-page","status-publish","hentry"],"aioseo_notices":[],"_links":{"self":[{"href":"https:\/\/montajespublicitarios.net\/index.php\/wp-json\/wp\/v2\/pages\/164","targetHints":{"allow":["GET"]}}],"collection":[{"href":"https:\/\/montajespublicitarios.net\/index.php\/wp-json\/wp\/v2\/pages"}],"about":[{"href":"https:\/\/montajespublicitarios.net\/index.php\/wp-json\/wp\/v2\/types\/page"}],"author":[{"embeddable":true,"href":"https:\/\/montajespublicitarios.net\/index.php\/wp-json\/wp\/v2\/users\/1"}],"replies":[{"embeddable":true,"href":"https:\/\/montajespublicitarios.net\/index.php\/wp-json\/wp\/v2\/comments?post=164"}],"version-history":[{"count":5,"href":"https:\/\/montajespublicitarios.net\/index.php\/wp-json\/wp\/v2\/pages\/164\/revisions"}],"predecessor-version":[{"id":192,"href":"https:\/\/montajespublicitarios.net\/index.php\/wp-json\/wp\/v2\/pages\/164\/revisions\/192"}],"wp:attachment":[{"href":"https:\/\/montajespublicitarios.net\/index.php\/wp-json\/wp\/v2\/media?parent=164"}],"curies":[{"name":"wp","href":"https:\/\/api.w.org\/{rel}","templated":true}]}}