{"id":196,"date":"2022-05-10T10:49:09","date_gmt":"2022-05-10T10:49:09","guid":{"rendered":"https:\/\/montajespublicitarios.net\/?page_id=196"},"modified":"2022-05-10T12:35:20","modified_gmt":"2022-05-10T12:35:20","slug":"montaje-de-monopostes","status":"publish","type":"page","link":"https:\/\/montajespublicitarios.net\/index.php\/montaje-de-monopostes\/","title":{"rendered":"Montaje de Monopostes"},"content":{"rendered":"\t\t<div data-elementor-type=\"wp-page\" data-elementor-id=\"196\" class=\"elementor elementor-196\">\n\t\t\t\t\t\t<section class=\"elementor-section elementor-top-section elementor-element elementor-element-118bb40 elementor-section-full_width elementor-section-content-middle elementor-section-height-default elementor-section-height-default\" data-id=\"118bb40\" data-element_type=\"section\">\n\t\t\t\t\t\t<div class=\"elementor-container elementor-column-gap-no\">\n\t\t\t\t\t<div class=\"elementor-column elementor-col-50 elementor-top-column elementor-element elementor-element-753f35ec\" data-id=\"753f35ec\" data-element_type=\"column\" data-settings=\"{&quot;background_background&quot;:&quot;classic&quot;}\">\n\t\t\t<div class=\"elementor-widget-wrap elementor-element-populated\">\n\t\t\t\t\t<div class=\"elementor-background-overlay\"><\/div>\n\t\t\t\t\t\t\t<\/div>\n\t\t<\/div>\n\t\t\t\t<div class=\"elementor-column elementor-col-50 elementor-top-column elementor-element elementor-element-7da1307\" data-id=\"7da1307\" data-element_type=\"column\">\n\t\t\t<div class=\"elementor-widget-wrap elementor-element-populated\">\n\t\t\t\t\t\t<div class=\"elementor-element elementor-element-1bce7c76 elementor-widget elementor-widget-text-editor\" data-id=\"1bce7c76\" data-element_type=\"widget\" data-widget_type=\"text-editor.default\">\n\t\t\t\t<div class=\"elementor-widget-container\">\n\t\t\t\t\t\t\t<p>Servicio integral de Montaje de\u00a0 monopostes en cualquier punto de Espa\u00f1a y Portugal, incluyendo Islas Baleares y Canarias. <\/p>\t\t\t\t\t\t<\/div>\n\t\t\t\t<\/div>\n\t\t\t\t<div class=\"elementor-element elementor-element-53615a23 elementor-widget elementor-widget-text-editor\" data-id=\"53615a23\" data-element_type=\"widget\" data-widget_type=\"text-editor.default\">\n\t\t\t\t<div class=\"elementor-widget-container\">\n\t\t\t\t\t\t\t<p>Somos expertos en montajes publicitarios de monopostes publicitarios, con m \u00e1s de 20 a\u00f1os de experiencia.<br \/>Disponemos de toda la documentaci\u00f3n necesaria que acredite la formaci\u00f3n para este tipo de trabajos en relaci\u00f3n a la prevenci\u00f3nde riesgos laborales.<br \/>El monntaje de un monoposte publicitario es una tarea compleja que requiere una gran experiencie en trabajos en altura, ua qye los fustes van de 10 a 24 metros o m\u00e1s y trabajar en esas condiciones no es algo sencillo si no se tiene una gran experiencia.<\/p>\t\t\t\t\t\t<\/div>\n\t\t\t\t<\/div>\n\t\t\t\t<div class=\"elementor-element elementor-element-51c49a8c elementor-widget elementor-widget-text-editor\" data-id=\"51c49a8c\" data-element_type=\"widget\" data-widget_type=\"text-editor.default\">\n\t\t\t\t<div class=\"elementor-widget-container\">\n\t\t\t\t\t\t\t<p>A lo largo de nuestra trayectoria hemos montado m\u00e1s de 500 monopostes en todo el territorio nacinal y en todos los formatos, tanto los tradicionales de vinilo o lona hasta pantallas LED de grandes simensiones, que requieren no s\u00f3lo de tener la capacidad y capacitaci\u00f3n para trabajar en altura, sino los conocimientos para lapuesta en marcha de esa pantalla.<\/p>\t\t\t\t\t\t<\/div>\n\t\t\t\t<\/div>\n\t\t\t\t\t<\/div>\n\t\t<\/div>\n\t\t\t\t\t<\/div>\n\t\t<\/section>\n\t\t\t\t<section class=\"elementor-section elementor-top-section elementor-element elementor-element-1ae9571e elementor-section-content-middle elementor-section-boxed elementor-section-height-default elementor-section-height-default\" data-id=\"1ae9571e\" data-element_type=\"section\">\n\t\t\t\t\t\t<div class=\"elementor-container elementor-column-gap-no\">\n\t\t\t\t\t<div class=\"elementor-column elementor-col-100 elementor-top-column elementor-element elementor-element-2b379000\" data-id=\"2b379000\" data-element_type=\"column\">\n\t\t\t<div class=\"elementor-widget-wrap elementor-element-populated\">\n\t\t\t\t\t\t<div class=\"elementor-element elementor-element-701d9be7 elementor-widget elementor-widget-heading\" data-id=\"701d9be7\" data-element_type=\"widget\" data-widget_type=\"heading.default\">\n\t\t\t\t<div class=\"elementor-widget-container\">\n\t\t\t<h4 class=\"elementor-heading-title elementor-size-default\">Trabajos realizados<\/h4>\t\t<\/div>\n\t\t\t\t<\/div>\n\t\t\t\t<div class=\"elementor-element elementor-element-335496c2 elementor-widget elementor-widget-heading\" data-id=\"335496c2\" data-element_type=\"widget\" data-widget_type=\"heading.default\">\n\t\t\t\t<div class=\"elementor-widget-container\">\n\t\t\t<h5 class=\"elementor-heading-title elementor-size-default\">A continuaci\u00f3n puada ver una peque\u00f1a muetra de trabajos realizados de <b>montaje de monopostes<\/b>.<\/h5>\t\t<\/div>\n\t\t\t\t<\/div>\n\t\t\t\t<div class=\"elementor-element elementor-element-4ec3af49 gallery-spacing-custom elementor-widget elementor-widget-image-gallery\" data-id=\"4ec3af49\" data-element_type=\"widget\" data-widget_type=\"image-gallery.default\">\n\t\t\t\t<div class=\"elementor-widget-container\">\n\t\t\t\t\t<div class=\"elementor-image-gallery\">\n\t\t\t\n\t\t<style type=\"text\/css\">\n\t\t\t#gallery-1 {\n\t\t\t\tmargin: auto;\n\t\t\t}\n\t\t\t#gallery-1 .gallery-item {\n\t\t\t\tfloat: left;\n\t\t\t\tmargin-top: 10px;\n\t\t\t\ttext-align: center;\n\t\t\t\twidth: 20%;\n\t\t\t}\n\t\t\t#gallery-1 img {\n\t\t\t\tborder: 2px solid #cfcfcf;\n\t\t\t}\n\t\t\t#gallery-1 .gallery-caption {\n\t\t\t\tmargin-left: 0;\n\t\t\t}\n\t\t\t\/* see gallery_shortcode() in wp-includes\/media.php *\/\n\t\t<\/style>\n\t\t<div id='gallery-1' class='gallery galleryid-196 gallery-columns-5 gallery-size-full'><dl class='gallery-item'>\n\t\t\t<dt class='gallery-icon portrait'>\n\t\t\t\t<a data-elementor-open-lightbox=\"yes\" data-elementor-lightbox-slideshow=\"4ec3af49\" data-elementor-lightbox-title=\"montaje-monopostes01\" data-e-action-hash=\"#elementor-action%3Aaction%3Dlightbox%26settings%3DeyJpZCI6MjA2LCJ1cmwiOiJodHRwczpcL1wvbW9udGFqZXNwdWJsaWNpdGFyaW9zLm5ldFwvd3AtY29udGVudFwvdXBsb2Fkc1wvMjAyMlwvMDVcL21vbnRhamUtbW9ub3Bvc3RlczAxLmpwZyIsInNsaWRlc2hvdyI6IjRlYzNhZjQ5In0%3D\" href='https:\/\/montajespublicitarios.net\/wp-content\/uploads\/2022\/05\/montaje-monopostes01.jpg'><img fetchpriority=\"high\" decoding=\"async\" width=\"366\" height=\"489\" src=\"https:\/\/montajespublicitarios.net\/wp-content\/uploads\/2022\/05\/montaje-monopostes01.jpg\" class=\"attachment-full size-full\" alt=\"\" aria-describedby=\"gallery-1-206\" srcset=\"https:\/\/montajespublicitarios.net\/wp-content\/uploads\/2022\/05\/montaje-monopostes01.jpg 366w, https:\/\/montajespublicitarios.net\/wp-content\/uploads\/2022\/05\/montaje-monopostes01-225x300.jpg 225w\" sizes=\"(max-width: 366px) 100vw, 366px\" \/><\/a>\n\t\t\t<\/dt>\n\t\t\t\t<dd class='wp-caption-text gallery-caption' id='gallery-1-206'>\n\t\t\t\tMantenimiento de Monopostes 1\n\t\t\t\t<\/dd><\/dl><dl class='gallery-item'>\n\t\t\t<dt class='gallery-icon portrait'>\n\t\t\t\t<a data-elementor-open-lightbox=\"yes\" data-elementor-lightbox-slideshow=\"4ec3af49\" data-elementor-lightbox-title=\"montaje-monopostes05\" data-e-action-hash=\"#elementor-action%3Aaction%3Dlightbox%26settings%3DeyJpZCI6MjI0LCJ1cmwiOiJodHRwczpcL1wvbW9udGFqZXNwdWJsaWNpdGFyaW9zLm5ldFwvd3AtY29udGVudFwvdXBsb2Fkc1wvMjAyMlwvMDVcL21vbnRhamUtbW9ub3Bvc3RlczA1LmpwZyIsInNsaWRlc2hvdyI6IjRlYzNhZjQ5In0%3D\" href='https:\/\/montajespublicitarios.net\/wp-content\/uploads\/2022\/05\/montaje-monopostes05.jpg'><img decoding=\"async\" width=\"366\" height=\"489\" src=\"https:\/\/montajespublicitarios.net\/wp-content\/uploads\/2022\/05\/montaje-monopostes05.jpg\" class=\"attachment-full size-full\" alt=\"\" srcset=\"https:\/\/montajespublicitarios.net\/wp-content\/uploads\/2022\/05\/montaje-monopostes05.jpg 366w, https:\/\/montajespublicitarios.net\/wp-content\/uploads\/2022\/05\/montaje-monopostes05-225x300.jpg 225w\" sizes=\"(max-width: 366px) 100vw, 366px\" \/><\/a>\n\t\t\t<\/dt><\/dl><dl class='gallery-item'>\n\t\t\t<dt class='gallery-icon portrait'>\n\t\t\t\t<a data-elementor-open-lightbox=\"yes\" data-elementor-lightbox-slideshow=\"4ec3af49\" data-elementor-lightbox-title=\"montaje-monopostes04\" data-e-action-hash=\"#elementor-action%3Aaction%3Dlightbox%26settings%3DeyJpZCI6MjIzLCJ1cmwiOiJodHRwczpcL1wvbW9udGFqZXNwdWJsaWNpdGFyaW9zLm5ldFwvd3AtY29udGVudFwvdXBsb2Fkc1wvMjAyMlwvMDVcL21vbnRhamUtbW9ub3Bvc3RlczA0LmpwZyIsInNsaWRlc2hvdyI6IjRlYzNhZjQ5In0%3D\" href='https:\/\/montajespublicitarios.net\/wp-content\/uploads\/2022\/05\/montaje-monopostes04.jpg'><img decoding=\"async\" width=\"366\" height=\"489\" src=\"https:\/\/montajespublicitarios.net\/wp-content\/uploads\/2022\/05\/montaje-monopostes04.jpg\" class=\"attachment-full size-full\" alt=\"\" srcset=\"https:\/\/montajespublicitarios.net\/wp-content\/uploads\/2022\/05\/montaje-monopostes04.jpg 366w, https:\/\/montajespublicitarios.net\/wp-content\/uploads\/2022\/05\/montaje-monopostes04-225x300.jpg 225w\" sizes=\"(max-width: 366px) 100vw, 366px\" \/><\/a>\n\t\t\t<\/dt><\/dl><dl class='gallery-item'>\n\t\t\t<dt class='gallery-icon portrait'>\n\t\t\t\t<a data-elementor-open-lightbox=\"yes\" data-elementor-lightbox-slideshow=\"4ec3af49\" data-elementor-lightbox-title=\"montaje-monopostes02\" data-e-action-hash=\"#elementor-action%3Aaction%3Dlightbox%26settings%3DeyJpZCI6MjA3LCJ1cmwiOiJodHRwczpcL1wvbW9udGFqZXNwdWJsaWNpdGFyaW9zLm5ldFwvd3AtY29udGVudFwvdXBsb2Fkc1wvMjAyMlwvMDVcL21vbnRhamUtbW9ub3Bvc3RlczAyLmpwZyIsInNsaWRlc2hvdyI6IjRlYzNhZjQ5In0%3D\" href='https:\/\/montajespublicitarios.net\/wp-content\/uploads\/2022\/05\/montaje-monopostes02.jpg'><img loading=\"lazy\" decoding=\"async\" width=\"366\" height=\"489\" src=\"https:\/\/montajespublicitarios.net\/wp-content\/uploads\/2022\/05\/montaje-monopostes02.jpg\" class=\"attachment-full size-full\" alt=\"\" srcset=\"https:\/\/montajespublicitarios.net\/wp-content\/uploads\/2022\/05\/montaje-monopostes02.jpg 366w, https:\/\/montajespublicitarios.net\/wp-content\/uploads\/2022\/05\/montaje-monopostes02-225x300.jpg 225w\" sizes=\"(max-width: 366px) 100vw, 366px\" \/><\/a>\n\t\t\t<\/dt><\/dl><dl class='gallery-item'>\n\t\t\t<dt class='gallery-icon portrait'>\n\t\t\t\t<a data-elementor-open-lightbox=\"yes\" data-elementor-lightbox-slideshow=\"4ec3af49\" data-elementor-lightbox-title=\"montaje-monopostes03\" data-e-action-hash=\"#elementor-action%3Aaction%3Dlightbox%26settings%3DeyJpZCI6MjA5LCJ1cmwiOiJodHRwczpcL1wvbW9udGFqZXNwdWJsaWNpdGFyaW9zLm5ldFwvd3AtY29udGVudFwvdXBsb2Fkc1wvMjAyMlwvMDVcL21vbnRhamUtbW9ub3Bvc3RlczAzLTEuanBnIiwic2xpZGVzaG93IjoiNGVjM2FmNDkifQ%3D%3D\" href='https:\/\/montajespublicitarios.net\/wp-content\/uploads\/2022\/05\/montaje-monopostes03-1.jpg'><img loading=\"lazy\" decoding=\"async\" width=\"366\" height=\"489\" src=\"https:\/\/montajespublicitarios.net\/wp-content\/uploads\/2022\/05\/montaje-monopostes03-1.jpg\" class=\"attachment-full size-full\" alt=\"\" srcset=\"https:\/\/montajespublicitarios.net\/wp-content\/uploads\/2022\/05\/montaje-monopostes03-1.jpg 366w, https:\/\/montajespublicitarios.net\/wp-content\/uploads\/2022\/05\/montaje-monopostes03-1-225x300.jpg 225w\" sizes=\"(max-width: 366px) 100vw, 366px\" \/><\/a>\n\t\t\t<\/dt><\/dl><br style=\"clear: both\" \/>\n\t\t<\/div>\n\t\t<\/div>\n\t\t\t\t<\/div>\n\t\t\t\t<\/div>\n\t\t\t\t\t<\/div>\n\t\t<\/div>\n\t\t\t\t\t<\/div>\n\t\t<\/section>\n\t\t\t\t<\/div>\n\t\t","protected":false},"excerpt":{"rendered":"<p>Servicio integral de Montaje de&nbsp; monopostes en cualquier punto de Espa\u00f1a y Portugal, incluyendo Islas Baleares y Canarias. Somos expertos en montajes publicitarios de monopostes publicitarios, con m \u00e1s de 20 a\u00f1os de experiencia. Disponemos de toda la documentaci\u00f3n necesaria que acredite la formaci\u00f3n para este tipo de trabajos en relaci\u00f3n a la prevenci\u00f3nde riesgos&hellip; <br \/> <a class=\"read-more\" href=\"https:\/\/montajespublicitarios.net\/index.php\/montaje-de-monopostes\/\">Leer m\u00e1s<\/a><\/p>\n","protected":false},"author":1,"featured_media":0,"parent":0,"menu_order":0,"comment_status":"closed","ping_status":"closed","template":"","meta":{"footnotes":""},"class_list":["post-196","page","type-page","status-publish","hentry"],"aioseo_notices":[],"_links":{"self":[{"href":"https:\/\/montajespublicitarios.net\/index.php\/wp-json\/wp\/v2\/pages\/196","targetHints":{"allow":["GET"]}}],"collection":[{"href":"https:\/\/montajespublicitarios.net\/index.php\/wp-json\/wp\/v2\/pages"}],"about":[{"href":"https:\/\/montajespublicitarios.net\/index.php\/wp-json\/wp\/v2\/types\/page"}],"author":[{"embeddable":true,"href":"https:\/\/montajespublicitarios.net\/index.php\/wp-json\/wp\/v2\/users\/1"}],"replies":[{"embeddable":true,"href":"https:\/\/montajespublicitarios.net\/index.php\/wp-json\/wp\/v2\/comments?post=196"}],"version-history":[{"count":14,"href":"https:\/\/montajespublicitarios.net\/index.php\/wp-json\/wp\/v2\/pages\/196\/revisions"}],"predecessor-version":[{"id":228,"href":"https:\/\/montajespublicitarios.net\/index.php\/wp-json\/wp\/v2\/pages\/196\/revisions\/228"}],"wp:attachment":[{"href":"https:\/\/montajespublicitarios.net\/index.php\/wp-json\/wp\/v2\/media?parent=196"}],"curies":[{"name":"wp","href":"https:\/\/api.w.org\/{rel}","templated":true}]}}