{"id":237,"date":"2022-05-10T18:46:01","date_gmt":"2022-05-10T18:46:01","guid":{"rendered":"https:\/\/montajespublicitarios.net\/?page_id=237"},"modified":"2022-05-11T18:02:49","modified_gmt":"2022-05-11T18:02:49","slug":"mantenimiento-de-monopostes","status":"publish","type":"page","link":"https:\/\/montajespublicitarios.net\/index.php\/mantenimiento-de-monopostes\/","title":{"rendered":"Mantenimiento de Monopostes"},"content":{"rendered":"\t\t<div data-elementor-type=\"wp-page\" data-elementor-id=\"237\" class=\"elementor elementor-237\">\n\t\t\t\t\t\t<section class=\"elementor-section elementor-top-section elementor-element elementor-element-118bb40 elementor-section-full_width elementor-section-content-middle elementor-section-height-default elementor-section-height-default\" data-id=\"118bb40\" data-element_type=\"section\">\n\t\t\t\t\t\t<div class=\"elementor-container elementor-column-gap-no\">\n\t\t\t\t\t<div class=\"elementor-column elementor-col-50 elementor-top-column elementor-element elementor-element-753f35ec\" data-id=\"753f35ec\" data-element_type=\"column\" data-settings=\"{&quot;background_background&quot;:&quot;classic&quot;}\">\n\t\t\t<div class=\"elementor-widget-wrap elementor-element-populated\">\n\t\t\t\t\t<div class=\"elementor-background-overlay\"><\/div>\n\t\t\t\t\t\t\t<\/div>\n\t\t<\/div>\n\t\t\t\t<div class=\"elementor-column elementor-col-50 elementor-top-column elementor-element elementor-element-7da1307\" data-id=\"7da1307\" data-element_type=\"column\">\n\t\t\t<div class=\"elementor-widget-wrap elementor-element-populated\">\n\t\t\t\t\t\t<div class=\"elementor-element elementor-element-1bce7c76 elementor-widget elementor-widget-text-editor\" data-id=\"1bce7c76\" data-element_type=\"widget\" data-widget_type=\"text-editor.default\">\n\t\t\t\t<div class=\"elementor-widget-container\">\n\t\t\t\t\t\t\t<p>Ofrecemos un servicio integral y peri\u00f3dico para mantener su monoposte en \u00f3ptimas condiciones.<\/p>\t\t\t\t\t\t<\/div>\n\t\t\t\t<\/div>\n\t\t\t\t<div class=\"elementor-element elementor-element-53615a23 elementor-widget elementor-widget-text-editor\" data-id=\"53615a23\" data-element_type=\"widget\" data-widget_type=\"text-editor.default\">\n\t\t\t\t<div class=\"elementor-widget-container\">\n\t\t\t\t\t\t\t<p>El servicio b\u00e1sico de <b>mantenimiento de monopostes<\/b> incluye:<\/p><p>\u2022 REALIZACI\u00d3N DE FICHA T\u00c9CNICA DEL MONOPOSTE.<br \/>\u2022 REVISI\u00d3N DEL ESTADO DE ESTRUCTURA.<br \/>\u2022 REVISI\u00d3N DE ESTADO DE SOLDADURAS DE DEL MONOPOSTE EN GENERAL.<br \/>\u2022 REVISADO DE TUERCAS DE BASE DE ANCLAJES Y PLATAFORMA.<br \/>\u2022 REVISI\u00d3N DE TRAMPILLA DE ACCESO Y PASARELAS DE MANTENIMIENTO.<br \/>\u2022 COMPROBACI\u00d3N DE TORNILLER\u00cdA DE TORRES Y PANTALLA.<br \/>\u2022 COMPROBACI\u00d3N DEL ESTADO DE LA PINTURA.<br \/>\u2022 REVISI\u00d3N DE OXIDO EN MONOPOSTE EN GENERAL.<br \/>\u2022 COMPROBACI\u00d3N DE NIVELES.<br \/>\u2022 REVISI\u00d3N DE CONEXIONES DE LUZ.<br \/>\u2022 EMISI\u00d3N DE LA CORRESPONDIENTE CERTIFICACI\u00d3N DE LA REALIZACI\u00d3N DEL MANTENIMIENTO ARRIBA INDICADO CON 2 A\u00d1OS DE GARANT\u00cdA<\/p>\t\t\t\t\t\t<\/div>\n\t\t\t\t<\/div>\n\t\t\t\t\t<\/div>\n\t\t<\/div>\n\t\t\t\t\t<\/div>\n\t\t<\/section>\n\t\t\t\t<section class=\"elementor-section elementor-top-section elementor-element elementor-element-1ae9571e elementor-section-content-middle elementor-section-boxed elementor-section-height-default elementor-section-height-default\" data-id=\"1ae9571e\" data-element_type=\"section\">\n\t\t\t\t\t\t<div class=\"elementor-container elementor-column-gap-no\">\n\t\t\t\t\t<div class=\"elementor-column elementor-col-100 elementor-top-column elementor-element elementor-element-2b379000\" data-id=\"2b379000\" data-element_type=\"column\">\n\t\t\t<div class=\"elementor-widget-wrap elementor-element-populated\">\n\t\t\t\t\t\t<div class=\"elementor-element elementor-element-701d9be7 elementor-widget elementor-widget-heading\" data-id=\"701d9be7\" data-element_type=\"widget\" data-widget_type=\"heading.default\">\n\t\t\t\t<div class=\"elementor-widget-container\">\n\t\t\t<h4 class=\"elementor-heading-title elementor-size-default\">Trabajos realizados<\/h4>\t\t<\/div>\n\t\t\t\t<\/div>\n\t\t\t\t<div class=\"elementor-element elementor-element-335496c2 elementor-widget elementor-widget-heading\" data-id=\"335496c2\" data-element_type=\"widget\" data-widget_type=\"heading.default\">\n\t\t\t\t<div class=\"elementor-widget-container\">\n\t\t\t<h5 class=\"elementor-heading-title elementor-size-default\">A continuaci\u00f3n puada ver una peque\u00f1a muetra de trabajos realizados de <b>mantenimiento de monopostes<\/b>.<\/h5>\t\t<\/div>\n\t\t\t\t<\/div>\n\t\t\t\t<div class=\"elementor-element elementor-element-4ec3af49 gallery-spacing-custom elementor-widget elementor-widget-image-gallery\" data-id=\"4ec3af49\" data-element_type=\"widget\" data-widget_type=\"image-gallery.default\">\n\t\t\t\t<div class=\"elementor-widget-container\">\n\t\t\t\t\t<div class=\"elementor-image-gallery\">\n\t\t\t\n\t\t<style type=\"text\/css\">\n\t\t\t#gallery-1 {\n\t\t\t\tmargin: auto;\n\t\t\t}\n\t\t\t#gallery-1 .gallery-item {\n\t\t\t\tfloat: left;\n\t\t\t\tmargin-top: 10px;\n\t\t\t\ttext-align: center;\n\t\t\t\twidth: 33%;\n\t\t\t}\n\t\t\t#gallery-1 img {\n\t\t\t\tborder: 2px solid #cfcfcf;\n\t\t\t}\n\t\t\t#gallery-1 .gallery-caption {\n\t\t\t\tmargin-left: 0;\n\t\t\t}\n\t\t\t\/* see gallery_shortcode() in wp-includes\/media.php *\/\n\t\t<\/style>\n\t\t<div id='gallery-1' class='gallery galleryid-237 gallery-columns-3 gallery-size-full'><dl class='gallery-item'>\n\t\t\t<dt class='gallery-icon portrait'>\n\t\t\t\t<a data-elementor-open-lightbox=\"yes\" data-elementor-lightbox-slideshow=\"4ec3af49\" data-elementor-lightbox-title=\"mantenimiento-monopostes04\" data-e-action-hash=\"#elementor-action%3Aaction%3Dlightbox%26settings%3DeyJpZCI6MjU2LCJ1cmwiOiJodHRwczpcL1wvbW9udGFqZXNwdWJsaWNpdGFyaW9zLm5ldFwvd3AtY29udGVudFwvdXBsb2Fkc1wvMjAyMlwvMDVcL21hbnRlbmltaWVudG8tbW9ub3Bvc3RlczA0LmpwZyIsInNsaWRlc2hvdyI6IjRlYzNhZjQ5In0%3D\" href='https:\/\/montajespublicitarios.net\/wp-content\/uploads\/2022\/05\/mantenimiento-monopostes04.jpg'><img fetchpriority=\"high\" decoding=\"async\" width=\"366\" height=\"489\" src=\"https:\/\/montajespublicitarios.net\/wp-content\/uploads\/2022\/05\/mantenimiento-monopostes04.jpg\" class=\"attachment-full size-full\" alt=\"Mantenimiento de monopostes3\" srcset=\"https:\/\/montajespublicitarios.net\/wp-content\/uploads\/2022\/05\/mantenimiento-monopostes04.jpg 366w, https:\/\/montajespublicitarios.net\/wp-content\/uploads\/2022\/05\/mantenimiento-monopostes04-225x300.jpg 225w\" sizes=\"(max-width: 366px) 100vw, 366px\" \/><\/a>\n\t\t\t<\/dt><\/dl><dl class='gallery-item'>\n\t\t\t<dt class='gallery-icon portrait'>\n\t\t\t\t<a data-elementor-open-lightbox=\"yes\" data-elementor-lightbox-slideshow=\"4ec3af49\" data-elementor-lightbox-title=\"mantenimiento-monopostes05\" data-e-action-hash=\"#elementor-action%3Aaction%3Dlightbox%26settings%3DeyJpZCI6MjU3LCJ1cmwiOiJodHRwczpcL1wvbW9udGFqZXNwdWJsaWNpdGFyaW9zLm5ldFwvd3AtY29udGVudFwvdXBsb2Fkc1wvMjAyMlwvMDVcL21hbnRlbmltaWVudG8tbW9ub3Bvc3RlczA1LmpwZyIsInNsaWRlc2hvdyI6IjRlYzNhZjQ5In0%3D\" href='https:\/\/montajespublicitarios.net\/wp-content\/uploads\/2022\/05\/mantenimiento-monopostes05.jpg'><img decoding=\"async\" width=\"366\" height=\"489\" src=\"https:\/\/montajespublicitarios.net\/wp-content\/uploads\/2022\/05\/mantenimiento-monopostes05.jpg\" class=\"attachment-full size-full\" alt=\"Mantenimiento de monopostes2\" srcset=\"https:\/\/montajespublicitarios.net\/wp-content\/uploads\/2022\/05\/mantenimiento-monopostes05.jpg 366w, https:\/\/montajespublicitarios.net\/wp-content\/uploads\/2022\/05\/mantenimiento-monopostes05-225x300.jpg 225w\" sizes=\"(max-width: 366px) 100vw, 366px\" \/><\/a>\n\t\t\t<\/dt><\/dl><dl class='gallery-item'>\n\t\t\t<dt class='gallery-icon portrait'>\n\t\t\t\t<a data-elementor-open-lightbox=\"yes\" data-elementor-lightbox-slideshow=\"4ec3af49\" data-elementor-lightbox-title=\"mantenimiento-monopostes06\" data-e-action-hash=\"#elementor-action%3Aaction%3Dlightbox%26settings%3DeyJpZCI6MjU4LCJ1cmwiOiJodHRwczpcL1wvbW9udGFqZXNwdWJsaWNpdGFyaW9zLm5ldFwvd3AtY29udGVudFwvdXBsb2Fkc1wvMjAyMlwvMDVcL21hbnRlbmltaWVudG8tbW9ub3Bvc3RlczA2LmpwZyIsInNsaWRlc2hvdyI6IjRlYzNhZjQ5In0%3D\" href='https:\/\/montajespublicitarios.net\/wp-content\/uploads\/2022\/05\/mantenimiento-monopostes06.jpg'><img decoding=\"async\" width=\"366\" height=\"489\" src=\"https:\/\/montajespublicitarios.net\/wp-content\/uploads\/2022\/05\/mantenimiento-monopostes06.jpg\" class=\"attachment-full size-full\" alt=\"Mantenimiento de monopostesMantenimiento de monopostes1\" srcset=\"https:\/\/montajespublicitarios.net\/wp-content\/uploads\/2022\/05\/mantenimiento-monopostes06.jpg 366w, https:\/\/montajespublicitarios.net\/wp-content\/uploads\/2022\/05\/mantenimiento-monopostes06-225x300.jpg 225w\" sizes=\"(max-width: 366px) 100vw, 366px\" \/><\/a>\n\t\t\t<\/dt><\/dl><br style=\"clear: both\" \/>\n\t\t<\/div>\n\t\t<\/div>\n\t\t\t\t<\/div>\n\t\t\t\t<\/div>\n\t\t\t\t<div class=\"elementor-element elementor-element-bcf9044 gallery-spacing-custom elementor-widget elementor-widget-image-gallery\" data-id=\"bcf9044\" data-element_type=\"widget\" data-widget_type=\"image-gallery.default\">\n\t\t\t\t<div class=\"elementor-widget-container\">\n\t\t\t\t\t<div class=\"elementor-image-gallery\">\n\t\t\t\n\t\t<style type=\"text\/css\">\n\t\t\t#gallery-2 {\n\t\t\t\tmargin: auto;\n\t\t\t}\n\t\t\t#gallery-2 .gallery-item {\n\t\t\t\tfloat: left;\n\t\t\t\tmargin-top: 10px;\n\t\t\t\ttext-align: center;\n\t\t\t\twidth: 33%;\n\t\t\t}\n\t\t\t#gallery-2 img {\n\t\t\t\tborder: 2px solid #cfcfcf;\n\t\t\t}\n\t\t\t#gallery-2 .gallery-caption {\n\t\t\t\tmargin-left: 0;\n\t\t\t}\n\t\t\t\/* see gallery_shortcode() in wp-includes\/media.php *\/\n\t\t<\/style>\n\t\t<div id='gallery-2' class='gallery galleryid-237 gallery-columns-3 gallery-size-full'><dl class='gallery-item'>\n\t\t\t<dt class='gallery-icon portrait'>\n\t\t\t\t<a data-elementor-open-lightbox=\"yes\" data-elementor-lightbox-slideshow=\"bcf9044\" data-elementor-lightbox-title=\"mantenimiento-monopostes01\" data-e-action-hash=\"#elementor-action%3Aaction%3Dlightbox%26settings%3DeyJpZCI6MjYwLCJ1cmwiOiJodHRwczpcL1wvbW9udGFqZXNwdWJsaWNpdGFyaW9zLm5ldFwvd3AtY29udGVudFwvdXBsb2Fkc1wvMjAyMlwvMDVcL21hbnRlbmltaWVudG8tbW9ub3Bvc3RlczAxLmpwZyIsInNsaWRlc2hvdyI6ImJjZjkwNDQifQ%3D%3D\" href='https:\/\/montajespublicitarios.net\/wp-content\/uploads\/2022\/05\/mantenimiento-monopostes01.jpg'><img loading=\"lazy\" decoding=\"async\" width=\"366\" height=\"489\" src=\"https:\/\/montajespublicitarios.net\/wp-content\/uploads\/2022\/05\/mantenimiento-monopostes01.jpg\" class=\"attachment-full size-full\" alt=\"Mantenimiento de monopostes5\" srcset=\"https:\/\/montajespublicitarios.net\/wp-content\/uploads\/2022\/05\/mantenimiento-monopostes01.jpg 366w, https:\/\/montajespublicitarios.net\/wp-content\/uploads\/2022\/05\/mantenimiento-monopostes01-225x300.jpg 225w\" sizes=\"(max-width: 366px) 100vw, 366px\" \/><\/a>\n\t\t\t<\/dt><\/dl><dl class='gallery-item'>\n\t\t\t<dt class='gallery-icon portrait'>\n\t\t\t\t<a data-elementor-open-lightbox=\"yes\" data-elementor-lightbox-slideshow=\"bcf9044\" data-elementor-lightbox-title=\"mantenimiento-monopostes02\" data-e-action-hash=\"#elementor-action%3Aaction%3Dlightbox%26settings%3DeyJpZCI6MjYxLCJ1cmwiOiJodHRwczpcL1wvbW9udGFqZXNwdWJsaWNpdGFyaW9zLm5ldFwvd3AtY29udGVudFwvdXBsb2Fkc1wvMjAyMlwvMDVcL21hbnRlbmltaWVudG8tbW9ub3Bvc3RlczAyLmpwZyIsInNsaWRlc2hvdyI6ImJjZjkwNDQifQ%3D%3D\" href='https:\/\/montajespublicitarios.net\/wp-content\/uploads\/2022\/05\/mantenimiento-monopostes02.jpg'><img loading=\"lazy\" decoding=\"async\" width=\"366\" height=\"489\" src=\"https:\/\/montajespublicitarios.net\/wp-content\/uploads\/2022\/05\/mantenimiento-monopostes02.jpg\" class=\"attachment-full size-full\" alt=\"Mantenimiento de monopostes4\" srcset=\"https:\/\/montajespublicitarios.net\/wp-content\/uploads\/2022\/05\/mantenimiento-monopostes02.jpg 366w, https:\/\/montajespublicitarios.net\/wp-content\/uploads\/2022\/05\/mantenimiento-monopostes02-225x300.jpg 225w\" sizes=\"(max-width: 366px) 100vw, 366px\" \/><\/a>\n\t\t\t<\/dt><\/dl><dl class='gallery-item'>\n\t\t\t<dt class='gallery-icon portrait'>\n\t\t\t\t<a data-elementor-open-lightbox=\"yes\" data-elementor-lightbox-slideshow=\"bcf9044\" data-elementor-lightbox-title=\"mantenimiento-monopostes03\" data-e-action-hash=\"#elementor-action%3Aaction%3Dlightbox%26settings%3DeyJpZCI6MjYyLCJ1cmwiOiJodHRwczpcL1wvbW9udGFqZXNwdWJsaWNpdGFyaW9zLm5ldFwvd3AtY29udGVudFwvdXBsb2Fkc1wvMjAyMlwvMDVcL21hbnRlbmltaWVudG8tbW9ub3Bvc3RlczAzLmpwZyIsInNsaWRlc2hvdyI6ImJjZjkwNDQifQ%3D%3D\" href='https:\/\/montajespublicitarios.net\/wp-content\/uploads\/2022\/05\/mantenimiento-monopostes03.jpg'><img loading=\"lazy\" decoding=\"async\" width=\"366\" height=\"489\" src=\"https:\/\/montajespublicitarios.net\/wp-content\/uploads\/2022\/05\/mantenimiento-monopostes03.jpg\" class=\"attachment-full size-full\" alt=\"Mantenimiento de monopostes6\" srcset=\"https:\/\/montajespublicitarios.net\/wp-content\/uploads\/2022\/05\/mantenimiento-monopostes03.jpg 366w, https:\/\/montajespublicitarios.net\/wp-content\/uploads\/2022\/05\/mantenimiento-monopostes03-225x300.jpg 225w\" sizes=\"(max-width: 366px) 100vw, 366px\" \/><\/a>\n\t\t\t<\/dt><\/dl><br style=\"clear: both\" \/>\n\t\t<\/div>\n\t\t<\/div>\n\t\t\t\t<\/div>\n\t\t\t\t<\/div>\n\t\t\t\t\t<\/div>\n\t\t<\/div>\n\t\t\t\t\t<\/div>\n\t\t<\/section>\n\t\t\t\t<\/div>\n\t\t","protected":false},"excerpt":{"rendered":"<p>Ofrecemos un servicio integral y peri\u00f3dico para mantener su monoposte en \u00f3ptimas condiciones. El servicio b\u00e1sico de mantenimiento de monopostes incluye: \u2022 REALIZACI\u00d3N DE FICHA T\u00c9CNICA DEL MONOPOSTE. \u2022 REVISI\u00d3N DEL ESTADO DE ESTRUCTURA. \u2022 REVISI\u00d3N DE ESTADO DE SOLDADURAS DE DEL MONOPOSTE EN GENERAL. \u2022 REVISADO DE TUERCAS DE BASE DE ANCLAJES Y PLATAFORMA.&hellip; <br \/> <a class=\"read-more\" href=\"https:\/\/montajespublicitarios.net\/index.php\/mantenimiento-de-monopostes\/\">Leer m\u00e1s<\/a><\/p>\n","protected":false},"author":1,"featured_media":0,"parent":0,"menu_order":0,"comment_status":"closed","ping_status":"closed","template":"","meta":{"footnotes":""},"class_list":["post-237","page","type-page","status-publish","hentry"],"aioseo_notices":[],"_links":{"self":[{"href":"https:\/\/montajespublicitarios.net\/index.php\/wp-json\/wp\/v2\/pages\/237","targetHints":{"allow":["GET"]}}],"collection":[{"href":"https:\/\/montajespublicitarios.net\/index.php\/wp-json\/wp\/v2\/pages"}],"about":[{"href":"https:\/\/montajespublicitarios.net\/index.php\/wp-json\/wp\/v2\/types\/page"}],"author":[{"embeddable":true,"href":"https:\/\/montajespublicitarios.net\/index.php\/wp-json\/wp\/v2\/users\/1"}],"replies":[{"embeddable":true,"href":"https:\/\/montajespublicitarios.net\/index.php\/wp-json\/wp\/v2\/comments?post=237"}],"version-history":[{"count":13,"href":"https:\/\/montajespublicitarios.net\/index.php\/wp-json\/wp\/v2\/pages\/237\/revisions"}],"predecessor-version":[{"id":266,"href":"https:\/\/montajespublicitarios.net\/index.php\/wp-json\/wp\/v2\/pages\/237\/revisions\/266"}],"wp:attachment":[{"href":"https:\/\/montajespublicitarios.net\/index.php\/wp-json\/wp\/v2\/media?parent=237"}],"curies":[{"name":"wp","href":"https:\/\/api.w.org\/{rel}","templated":true}]}}