{"id":243,"date":"2022-05-10T18:50:37","date_gmt":"2022-05-10T18:50:37","guid":{"rendered":"https:\/\/montajespublicitarios.net\/?page_id=243"},"modified":"2022-05-11T18:24:03","modified_gmt":"2022-05-11T18:24:03","slug":"retiradade-monopostes","status":"publish","type":"page","link":"https:\/\/montajespublicitarios.net\/index.php\/retiradade-monopostes\/","title":{"rendered":"Retirada de Monopostes"},"content":{"rendered":"\t\t<div data-elementor-type=\"wp-page\" data-elementor-id=\"243\" class=\"elementor elementor-243\">\n\t\t\t\t\t\t<section class=\"elementor-section elementor-top-section elementor-element elementor-element-118bb40 elementor-section-full_width elementor-section-content-middle elementor-section-height-default elementor-section-height-default\" data-id=\"118bb40\" data-element_type=\"section\">\n\t\t\t\t\t\t<div class=\"elementor-container elementor-column-gap-no\">\n\t\t\t\t\t<div class=\"elementor-column elementor-col-50 elementor-top-column elementor-element elementor-element-753f35ec\" data-id=\"753f35ec\" data-element_type=\"column\" data-settings=\"{&quot;background_background&quot;:&quot;classic&quot;}\">\n\t\t\t<div class=\"elementor-widget-wrap elementor-element-populated\">\n\t\t\t\t\t<div class=\"elementor-background-overlay\"><\/div>\n\t\t\t\t\t\t\t<\/div>\n\t\t<\/div>\n\t\t\t\t<div class=\"elementor-column elementor-col-50 elementor-top-column elementor-element elementor-element-7da1307\" data-id=\"7da1307\" data-element_type=\"column\">\n\t\t\t<div class=\"elementor-widget-wrap elementor-element-populated\">\n\t\t\t\t\t\t<div class=\"elementor-element elementor-element-1bce7c76 elementor-widget elementor-widget-text-editor\" data-id=\"1bce7c76\" data-element_type=\"widget\" data-widget_type=\"text-editor.default\">\n\t\t\t\t<div class=\"elementor-widget-container\">\n\t\t\t\t\t\t\t<p>Ofrecemos el servicio de retirada de monopostes de su ubicaci\u00f3n actual y desguace del mismo.<\/p>\t\t\t\t\t\t<\/div>\n\t\t\t\t<\/div>\n\t\t\t\t<div class=\"elementor-element elementor-element-53615a23 elementor-widget elementor-widget-text-editor\" data-id=\"53615a23\" data-element_type=\"widget\" data-widget_type=\"text-editor.default\">\n\t\t\t\t<div class=\"elementor-widget-container\">\n\t\t\t\t\t\t\t<p>Los casos m\u00e1s frecuentes que nos encontramos cuando nos piden el servicio de retirada de un monoposte es porque la parcela o solar donde esta\u00e1 instalado se ha vendido, o porque el monoposte est\u00e1 en tan mal estado que se hace inviable una reparaci\u00f3n del mismo, porque pueda haber riesgo de ca\u00edda o de volar alguno de sus componentes.<\/p><p>Tambi\u00e9n ofrecemos el servicio de <u>retirada de monopostes<\/u> a Ayuntamientos y otros organisnos oficiales como demarcaciones de carreteras, diputaciones provinciales, etc., que desean retirar un monoposte porque no tienen la correpondiente licencia para ser instalados o est\u00e1n en alg\u00fan sitio no autorizado.<\/p><p>En el servicio de retirada de monopostes va incluido la llevada del mismo a un centro de residuos para su reciclaje, con el correspondiente certificado expedido por dicho centro.<\/p>\t\t\t\t\t\t<\/div>\n\t\t\t\t<\/div>\n\t\t\t\t\t<\/div>\n\t\t<\/div>\n\t\t\t\t\t<\/div>\n\t\t<\/section>\n\t\t\t\t<\/div>\n\t\t","protected":false},"excerpt":{"rendered":"<p>Ofrecemos el servicio de retirada de monopostes de su ubicaci\u00f3n actual y desguace del mismo. Los casos m\u00e1s frecuentes que nos encontramos cuando nos piden el servicio de retirada de un monoposte es porque la parcela o solar donde esta\u00e1 instalado se ha vendido, o porque el monoposte est\u00e1 en tan mal estado que se&hellip; <br \/> <a class=\"read-more\" href=\"https:\/\/montajespublicitarios.net\/index.php\/retiradade-monopostes\/\">Leer m\u00e1s<\/a><\/p>\n","protected":false},"author":1,"featured_media":0,"parent":0,"menu_order":0,"comment_status":"closed","ping_status":"closed","template":"","meta":{"footnotes":""},"class_list":["post-243","page","type-page","status-publish","hentry"],"aioseo_notices":[],"_links":{"self":[{"href":"https:\/\/montajespublicitarios.net\/index.php\/wp-json\/wp\/v2\/pages\/243","targetHints":{"allow":["GET"]}}],"collection":[{"href":"https:\/\/montajespublicitarios.net\/index.php\/wp-json\/wp\/v2\/pages"}],"about":[{"href":"https:\/\/montajespublicitarios.net\/index.php\/wp-json\/wp\/v2\/types\/page"}],"author":[{"embeddable":true,"href":"https:\/\/montajespublicitarios.net\/index.php\/wp-json\/wp\/v2\/users\/1"}],"replies":[{"embeddable":true,"href":"https:\/\/montajespublicitarios.net\/index.php\/wp-json\/wp\/v2\/comments?post=243"}],"version-history":[{"count":10,"href":"https:\/\/montajespublicitarios.net\/index.php\/wp-json\/wp\/v2\/pages\/243\/revisions"}],"predecessor-version":[{"id":275,"href":"https:\/\/montajespublicitarios.net\/index.php\/wp-json\/wp\/v2\/pages\/243\/revisions\/275"}],"wp:attachment":[{"href":"https:\/\/montajespublicitarios.net\/index.php\/wp-json\/wp\/v2\/media?parent=243"}],"curies":[{"name":"wp","href":"https:\/\/api.w.org\/{rel}","templated":true}]}}