{"id":306,"date":"2022-06-13T11:41:29","date_gmt":"2022-06-13T11:41:29","guid":{"rendered":"https:\/\/montajespublicitarios.net\/?page_id=306"},"modified":"2022-06-13T12:02:28","modified_gmt":"2022-06-13T12:02:28","slug":"montaje-de-fachadas","status":"publish","type":"page","link":"https:\/\/montajespublicitarios.net\/index.php\/montaje-de-fachadas\/","title":{"rendered":"Montaje de fachadas"},"content":{"rendered":"\t\t<div data-elementor-type=\"wp-page\" data-elementor-id=\"306\" class=\"elementor elementor-306\">\n\t\t\t\t\t\t<section class=\"elementor-section elementor-top-section elementor-element elementor-element-cfe0f35 elementor-section-boxed elementor-section-height-default elementor-section-height-default\" data-id=\"cfe0f35\" data-element_type=\"section\">\n\t\t\t\t\t\t<div class=\"elementor-container elementor-column-gap-default\">\n\t\t\t\t\t<div class=\"elementor-column elementor-col-50 elementor-top-column elementor-element elementor-element-90e2ade\" data-id=\"90e2ade\" data-element_type=\"column\">\n\t\t\t<div class=\"elementor-widget-wrap elementor-element-populated\">\n\t\t\t\t\t\t<div class=\"elementor-element elementor-element-55292e2 elementor-widget elementor-widget-image\" data-id=\"55292e2\" data-element_type=\"widget\" data-widget_type=\"image.default\">\n\t\t\t\t<div class=\"elementor-widget-container\">\n\t\t\t\t\t\t\t\t\t\t\t\t\t<img fetchpriority=\"high\" decoding=\"async\" width=\"572\" height=\"711\" src=\"https:\/\/montajespublicitarios.net\/wp-content\/uploads\/2022\/06\/montaje-de-fachadas.jpg\" class=\"attachment-large size-large wp-image-308\" alt=\"\" srcset=\"https:\/\/montajespublicitarios.net\/wp-content\/uploads\/2022\/06\/montaje-de-fachadas.jpg 572w, https:\/\/montajespublicitarios.net\/wp-content\/uploads\/2022\/06\/montaje-de-fachadas-241x300.jpg 241w\" sizes=\"(max-width: 572px) 100vw, 572px\" \/>\t\t\t\t\t\t\t\t\t\t\t\t\t<\/div>\n\t\t\t\t<\/div>\n\t\t\t\t\t<\/div>\n\t\t<\/div>\n\t\t\t\t<div class=\"elementor-column elementor-col-50 elementor-top-column elementor-element elementor-element-6e33ee0\" data-id=\"6e33ee0\" data-element_type=\"column\">\n\t\t\t<div class=\"elementor-widget-wrap elementor-element-populated\">\n\t\t\t\t\t\t<div class=\"elementor-element elementor-element-a9ffc1b elementor-widget elementor-widget-text-editor\" data-id=\"a9ffc1b\" data-element_type=\"widget\" data-widget_type=\"text-editor.default\">\n\t\t\t\t<div class=\"elementor-widget-container\">\n\t\t\t\t\t\t\t<p>En Montajes Publicitarios Contamos con una amplia experiencia en <b>Montaje de fachadas <\/b>para publicidad exterior con todo tipo de materiales de gran formato.Aqu\u00ed encontrar\u00e1s especialistas en Montaje de fachadas lona, dibond, alucobond, etc., para todo tipo locales de negocio de empresa.\u00a0Montaje publicitarios de todo tipo, en la actualidad encontramos multitud de fachadas que son el primer contacto visual para el cliente.\u00a0 Este formato ofrece m\u00faltiples soluciones, no s\u00f3lo relacionadas con la publicidad. Su utilidad es innegable en varios modelos constructivos pudiendo instalarse incluso en fachadas gigantes. Sin embargo, el correcto montaje de una fachada es muy complejo y, para que cumpla con todos los est\u00e1ndares de calidad, eficacia y seguridad, solo puede dejarse en manos de profesionales. Los materiales son tan importantes como la calidad de la estructura que lo soporta: aqu\u00ed podemos proporcionarle todo lo que necesita.<\/p><p>Debido a nuestra larga y dilatada experiencia en este tipo de trabajos, estamos considerados en nuestro sector como una de las empresas de <i>montaje de fachadas<\/i> que mejor se adapta a las necesidades de los clientes.<\/p><p>Entendemos las diferentes necesidades que tienen los clientes, por eso les ofrecemos las mejores soluciones para que, a trav\u00e9s de nuestro trabajo, puedan ganar m\u00e1s notoriedad y visibilidad de marca.<\/p><p>Disponemos de un amplio equipo de montaje vertical especializado en el montaje de fachadas con una dilatada experiencia en la realizaci\u00f3n de este tipo de trabajos. Est\u00e1 altamente cualificado para realizar este tipo de trabajos.<\/p><p>Realizamos lonas de gran formato y vinilos de alta adherencia para publicidad en fachadas de edificios.<\/p>\t\t\t\t\t\t<\/div>\n\t\t\t\t<\/div>\n\t\t\t\t\t<\/div>\n\t\t<\/div>\n\t\t\t\t\t<\/div>\n\t\t<\/section>\n\t\t\t\t<section class=\"elementor-section elementor-top-section elementor-element elementor-element-b9cbd2c elementor-section-boxed elementor-section-height-default elementor-section-height-default\" data-id=\"b9cbd2c\" data-element_type=\"section\">\n\t\t\t\t\t\t<div class=\"elementor-container elementor-column-gap-default\">\n\t\t\t\t\t<div class=\"elementor-column elementor-col-100 elementor-top-column elementor-element elementor-element-306778b\" data-id=\"306778b\" data-element_type=\"column\">\n\t\t\t<div class=\"elementor-widget-wrap elementor-element-populated\">\n\t\t\t\t\t\t<div class=\"elementor-element elementor-element-0235fa6 elementor-widget elementor-widget-text-editor\" data-id=\"0235fa6\" data-element_type=\"widget\" data-widget_type=\"text-editor.default\">\n\t\t\t\t<div class=\"elementor-widget-container\">\n\t\t\t\t\t\t\t<p>Conozca en detalle todos los servicios que ofrecemos para el <u>montaje de su fachada<\/u>. Con nuestra ayuda conseguiremos que su empresa incremente su nivel de visibilidad y sea capaz de generar m\u00e1s y mejores oportunidades de negocio.<\/p><p>La impresi\u00f3n UV directa para Fachadas Dibond sobre materiales r\u00edgidos es perfecta para montar Fachadas, muy r\u00e1pido y econ\u00f3mico y son perfectas para paneles informativos, paneles de PVC, paneles de polipropileno, paneles de PVC, etc.Paneles de polipropileno de 3mm, 5mm o 10mm, impresi\u00f3n de 5mm o 10mm, en Dibond o Impresi\u00f3n UV directa sobre metacrilato transparente o metacrilato opal blanco, perfecto para realizar todo tipo de montajes de fachadas reduciendo tiempos de producci\u00f3n y mejorando la durabilidad y resistencia.La impresi\u00f3n directa sobre r\u00edgido para Fachadas Dibond es la mejor opci\u00f3n para poder imprimir sobre casi cualquier tipo de material, pudiendo realizar tiradas cortas a precios muy competitivos, este sistema de impresi\u00f3n digital es perfecto para imprimir sobre aluminio.Dibond, alucubond, PVC, cart\u00f3n pluma, permitiendo la producci\u00f3n de fachadas publicitarias o fachadas de aluminio o dibond, siendo una opci\u00f3n perfecta para la renovaci\u00f3n radical de la fachada de su negocio.<\/p>\t\t\t\t\t\t<\/div>\n\t\t\t\t<\/div>\n\t\t\t\t\t<\/div>\n\t\t<\/div>\n\t\t\t\t\t<\/div>\n\t\t<\/section>\n\t\t\t\t<\/div>\n\t\t","protected":false},"excerpt":{"rendered":"<p>En Montajes Publicitarios Contamos con una amplia experiencia en Montaje de fachadas para publicidad exterior con todo tipo de materiales de gran formato.Aqu\u00ed encontrar\u00e1s especialistas en Montaje de fachadas lona, dibond, alucobond, etc., para todo tipo locales de negocio de empresa.&nbsp;Montaje publicitarios de todo tipo, en la actualidad encontramos multitud de fachadas que son el&hellip; <br \/> <a class=\"read-more\" href=\"https:\/\/montajespublicitarios.net\/index.php\/montaje-de-fachadas\/\">Leer m\u00e1s<\/a><\/p>\n","protected":false},"author":1,"featured_media":0,"parent":0,"menu_order":0,"comment_status":"closed","ping_status":"closed","template":"","meta":{"footnotes":""},"class_list":["post-306","page","type-page","status-publish","hentry"],"aioseo_notices":[],"_links":{"self":[{"href":"https:\/\/montajespublicitarios.net\/index.php\/wp-json\/wp\/v2\/pages\/306","targetHints":{"allow":["GET"]}}],"collection":[{"href":"https:\/\/montajespublicitarios.net\/index.php\/wp-json\/wp\/v2\/pages"}],"about":[{"href":"https:\/\/montajespublicitarios.net\/index.php\/wp-json\/wp\/v2\/types\/page"}],"author":[{"embeddable":true,"href":"https:\/\/montajespublicitarios.net\/index.php\/wp-json\/wp\/v2\/users\/1"}],"replies":[{"embeddable":true,"href":"https:\/\/montajespublicitarios.net\/index.php\/wp-json\/wp\/v2\/comments?post=306"}],"version-history":[{"count":5,"href":"https:\/\/montajespublicitarios.net\/index.php\/wp-json\/wp\/v2\/pages\/306\/revisions"}],"predecessor-version":[{"id":312,"href":"https:\/\/montajespublicitarios.net\/index.php\/wp-json\/wp\/v2\/pages\/306\/revisions\/312"}],"wp:attachment":[{"href":"https:\/\/montajespublicitarios.net\/index.php\/wp-json\/wp\/v2\/media?parent=306"}],"curies":[{"name":"wp","href":"https:\/\/api.w.org\/{rel}","templated":true}]}}