{"id":364,"date":"2022-07-06T19:23:46","date_gmt":"2022-07-06T19:23:46","guid":{"rendered":"https:\/\/montajespublicitarios.net\/?page_id=364"},"modified":"2022-07-06T19:32:16","modified_gmt":"2022-07-06T19:32:16","slug":"iluminacion-por-paneles-solares","status":"publish","type":"page","link":"https:\/\/montajespublicitarios.net\/index.php\/iluminacion-por-paneles-solares\/","title":{"rendered":"Iluminaci\u00f3n por paneles solares"},"content":{"rendered":"\t\t<div data-elementor-type=\"wp-page\" data-elementor-id=\"364\" class=\"elementor elementor-364\">\n\t\t\t\t\t\t<section class=\"elementor-section elementor-top-section elementor-element elementor-element-118bb40 elementor-section-full_width elementor-section-content-middle elementor-section-height-default elementor-section-height-default\" data-id=\"118bb40\" data-element_type=\"section\">\n\t\t\t\t\t\t<div class=\"elementor-container elementor-column-gap-no\">\n\t\t\t\t\t<div class=\"elementor-column elementor-col-50 elementor-top-column elementor-element elementor-element-753f35ec\" data-id=\"753f35ec\" data-element_type=\"column\" data-settings=\"{&quot;background_background&quot;:&quot;classic&quot;}\">\n\t\t\t<div class=\"elementor-widget-wrap elementor-element-populated\">\n\t\t\t\t\t<div class=\"elementor-background-overlay\"><\/div>\n\t\t\t\t\t\t\t<\/div>\n\t\t<\/div>\n\t\t\t\t<div class=\"elementor-column elementor-col-50 elementor-top-column elementor-element elementor-element-7da1307\" data-id=\"7da1307\" data-element_type=\"column\">\n\t\t\t<div class=\"elementor-widget-wrap elementor-element-populated\">\n\t\t\t\t\t\t<div class=\"elementor-element elementor-element-1bce7c76 elementor-widget elementor-widget-text-editor\" data-id=\"1bce7c76\" data-element_type=\"widget\" data-widget_type=\"text-editor.default\">\n\t\t\t\t<div class=\"elementor-widget-container\">\n\t\t\t\t\t\t\t<p>Soluciones de energ\u00eda solar para iluminar soportes donde no llega la corriente el\u00e9ctrica.<\/p>\t\t\t\t\t\t<\/div>\n\t\t\t\t<\/div>\n\t\t\t\t<div class=\"elementor-element elementor-element-53615a23 elementor-widget elementor-widget-text-editor\" data-id=\"53615a23\" data-element_type=\"widget\" data-widget_type=\"text-editor.default\">\n\t\t\t\t<div class=\"elementor-widget-container\">\n\t\t\t\t\t\t\t<p>Las energ\u00edas renovables se han convertido hoy en d\u00eda en una de las opciones m\u00e1s eficientes y econ\u00f3micas para el autoabastecimiento de energ\u00eda adem\u00e1s de una alternativa para donde no llega una acometida el\u00e9ctrica tradicional. Los paneles solares est\u00e1n fabricados con materiales muy resistentes, ya que estos permanecer\u00e1n durante a\u00f1os a la intemperie.<\/p><p>La mayor\u00eda de modelos est\u00e1n disponibles en una inclinaci\u00f3n de 30\u00ba, de 60\u00ba o regulables. Los paneles solares fotovoltaicos capturan la luz del sol, liberando energ\u00eda que se convierte en electricidad en forma de corriente continua. Mediante un inversor la corriente continua se convierte en alterna permitiendo iluminar cualquier elemento de publicidad exterior.<\/p>\t\t\t\t\t\t<\/div>\n\t\t\t\t<\/div>\n\t\t\t\t\t<\/div>\n\t\t<\/div>\n\t\t\t\t\t<\/div>\n\t\t<\/section>\n\t\t\t\t<\/div>\n\t\t","protected":false},"excerpt":{"rendered":"<p>Soluciones de energ\u00eda solar para iluminar soportes donde no llega la corriente el\u00e9ctrica. Las energ\u00edas renovables se han convertido hoy en d\u00eda en una de las opciones m\u00e1s eficientes y econ\u00f3micas para el autoabastecimiento de energ\u00eda adem\u00e1s de una alternativa para donde no llega una acometida el\u00e9ctrica tradicional. Los paneles solares est\u00e1n fabricados con materiales&hellip; <br \/> <a class=\"read-more\" href=\"https:\/\/montajespublicitarios.net\/index.php\/iluminacion-por-paneles-solares\/\">Leer m\u00e1s<\/a><\/p>\n","protected":false},"author":1,"featured_media":0,"parent":0,"menu_order":0,"comment_status":"closed","ping_status":"closed","template":"","meta":{"footnotes":""},"class_list":["post-364","page","type-page","status-publish","hentry"],"aioseo_notices":[],"_links":{"self":[{"href":"https:\/\/montajespublicitarios.net\/index.php\/wp-json\/wp\/v2\/pages\/364","targetHints":{"allow":["GET"]}}],"collection":[{"href":"https:\/\/montajespublicitarios.net\/index.php\/wp-json\/wp\/v2\/pages"}],"about":[{"href":"https:\/\/montajespublicitarios.net\/index.php\/wp-json\/wp\/v2\/types\/page"}],"author":[{"embeddable":true,"href":"https:\/\/montajespublicitarios.net\/index.php\/wp-json\/wp\/v2\/users\/1"}],"replies":[{"embeddable":true,"href":"https:\/\/montajespublicitarios.net\/index.php\/wp-json\/wp\/v2\/comments?post=364"}],"version-history":[{"count":5,"href":"https:\/\/montajespublicitarios.net\/index.php\/wp-json\/wp\/v2\/pages\/364\/revisions"}],"predecessor-version":[{"id":370,"href":"https:\/\/montajespublicitarios.net\/index.php\/wp-json\/wp\/v2\/pages\/364\/revisions\/370"}],"wp:attachment":[{"href":"https:\/\/montajespublicitarios.net\/index.php\/wp-json\/wp\/v2\/media?parent=364"}],"curies":[{"name":"wp","href":"https:\/\/api.w.org\/{rel}","templated":true}]}}