{"id":417,"date":"2023-05-03T10:45:02","date_gmt":"2023-05-03T10:45:02","guid":{"rendered":"https:\/\/montajespublicitarios.net\/?page_id=417"},"modified":"2023-05-03T11:35:58","modified_gmt":"2023-05-03T11:35:58","slug":"traslado-de-monopostes","status":"publish","type":"page","link":"https:\/\/montajespublicitarios.net\/index.php\/traslado-de-monopostes\/","title":{"rendered":"Traslado de monopostes"},"content":{"rendered":"\t\t<div data-elementor-type=\"wp-page\" data-elementor-id=\"417\" class=\"elementor elementor-417\">\n\t\t\t\t\t\t<section class=\"elementor-section elementor-top-section elementor-element elementor-element-118bb40 elementor-section-full_width elementor-section-content-middle elementor-section-height-default elementor-section-height-default\" data-id=\"118bb40\" data-element_type=\"section\">\n\t\t\t\t\t\t<div class=\"elementor-container elementor-column-gap-no\">\n\t\t\t\t\t<div class=\"elementor-column elementor-col-50 elementor-top-column elementor-element elementor-element-753f35ec\" data-id=\"753f35ec\" data-element_type=\"column\" data-settings=\"{&quot;background_background&quot;:&quot;classic&quot;}\">\n\t\t\t<div class=\"elementor-widget-wrap elementor-element-populated\">\n\t\t\t\t\t<div class=\"elementor-background-overlay\"><\/div>\n\t\t\t\t\t\t\t<\/div>\n\t\t<\/div>\n\t\t\t\t<div class=\"elementor-column elementor-col-50 elementor-top-column elementor-element elementor-element-7da1307\" data-id=\"7da1307\" data-element_type=\"column\">\n\t\t\t<div class=\"elementor-widget-wrap elementor-element-populated\">\n\t\t\t\t\t\t<div class=\"elementor-element elementor-element-1bce7c76 elementor-widget elementor-widget-text-editor\" data-id=\"1bce7c76\" data-element_type=\"widget\" data-widget_type=\"text-editor.default\">\n\t\t\t\t<div class=\"elementor-widget-container\">\n\t\t\t\t\t\t\t<p>Servicio de traslado de monopostes de una ubicaci\u00f3n a otra en toda Espa\u00f1a. <\/p>\t\t\t\t\t\t<\/div>\n\t\t\t\t<\/div>\n\t\t\t\t<div class=\"elementor-element elementor-element-53615a23 elementor-widget elementor-widget-text-editor\" data-id=\"53615a23\" data-element_type=\"widget\" data-widget_type=\"text-editor.default\">\n\t\t\t\t<div class=\"elementor-widget-container\">\n\t\t\t\t\t\t\t<p>El traslado de monopostes es una t\u00e9cnica de movimiento que se utiliza para transportar grandes objetos, como maquinaria, puentes o estructuras met\u00e1licas. En lugar de cargar el objeto completo, se divide en secciones m\u00e1s peque\u00f1as y luego se monta en una serie de rieles para que se deslice con facilidad. Esto permite un transporte m\u00e1s seguro y eficiente, y tambi\u00e9n ayuda a reducir los costos de traslado.<\/p><p>La t\u00e9cnica de traslado de monopostes se ha utilizado para muchos proyectos de construcci\u00f3n, como el traslado de estructuras de acero, puentes y grandes equipos. A menudo, el transporte de estos objetos se hace con camiones, pero el traslado de monopostes puede ser una forma m\u00e1s segura y eficiente de hacerlo. El beneficio principal de este m\u00e9todo es que los objetos se deslizan con facilidad, lo que reduce la cantidad de esfuerzo requerido para el traslado y mejora la seguridad.<\/p><p>A medida que los proyectos de construcci\u00f3n se vuelven cada vez m\u00e1s grandes y complejos, el traslado de monopostes se ha convertido en una parte necesaria de muchos proyectos. El equipo de traslado de monopostes debe ser profesional y cualificado para garantizar un traslado seguro y sin problemas. Es importante que el equipo tenga una buena comprensi\u00f3n del objeto que se est\u00e1 trasladando y que tenga la capacidad de manejar y operar los equipos de forma segura y eficiente.<\/p>\t\t\t\t\t\t<\/div>\n\t\t\t\t<\/div>\n\t\t\t\t\t<\/div>\n\t\t<\/div>\n\t\t\t\t\t<\/div>\n\t\t<\/section>\n\t\t\t\t<section class=\"elementor-section elementor-top-section elementor-element elementor-element-60f1c3f elementor-section-boxed elementor-section-height-default elementor-section-height-default\" data-id=\"60f1c3f\" data-element_type=\"section\">\n\t\t\t\t\t\t<div class=\"elementor-container elementor-column-gap-default\">\n\t\t\t\t\t<div class=\"elementor-column elementor-col-100 elementor-top-column elementor-element elementor-element-b8924ae\" data-id=\"b8924ae\" data-element_type=\"column\">\n\t\t\t<div class=\"elementor-widget-wrap elementor-element-populated\">\n\t\t\t\t\t\t<div class=\"elementor-element elementor-element-c1f6686 elementor-widget elementor-widget-heading\" data-id=\"c1f6686\" data-element_type=\"widget\" data-widget_type=\"heading.default\">\n\t\t\t\t<div class=\"elementor-widget-container\">\n\t\t\t<h2 class=\"elementor-heading-title elementor-size-default\">Prevenci\u00f3n de riesgos en el traslado de monopostes<\/h2>\t\t<\/div>\n\t\t\t\t<\/div>\n\t\t\t\t\t<\/div>\n\t\t<\/div>\n\t\t\t\t\t<\/div>\n\t\t<\/section>\n\t\t\t\t<section class=\"elementor-section elementor-top-section elementor-element elementor-element-1d26e75 elementor-section-boxed elementor-section-height-default elementor-section-height-default\" data-id=\"1d26e75\" data-element_type=\"section\">\n\t\t\t\t\t\t<div class=\"elementor-container elementor-column-gap-default\">\n\t\t\t\t\t<div class=\"elementor-column elementor-col-100 elementor-top-column elementor-element elementor-element-ea2bb4e\" data-id=\"ea2bb4e\" data-element_type=\"column\">\n\t\t\t<div class=\"elementor-widget-wrap elementor-element-populated\">\n\t\t\t\t\t\t<div class=\"elementor-element elementor-element-0193fe4 elementor-widget elementor-widget-text-editor\" data-id=\"0193fe4\" data-element_type=\"widget\" data-widget_type=\"text-editor.default\">\n\t\t\t\t<div class=\"elementor-widget-container\">\n\t\t\t\t\t\t\t<p><br \/>La prevenci\u00f3n de riesgos durante el traslado de monopostes es esencial para garantizar la seguridad de los usuarios. El manejo adecuado de los monopostes al trasladarlos puede prevenir lesiones, da\u00f1os a la propiedad y accidentes. Los siguientes consejos pueden ayudar a evitar riesgos durante el transporte de monopostes:<\/p><p>\u2022 Siempre lleve los monopostes en una ubicaci\u00f3n segura, como una caja o una carretilla. Nunca lleve monopostes en la superficie del suelo o en un \u00e1rea abierta.<\/p><p>\u2022 Utilice siempre equipos de seguridad apropiados para el transporte de monopostes, como guantes, gafas de protecci\u00f3n, protectores para los o\u00eddos y equipo de seguridad adicional seg\u00fan sea necesario.<\/p><p>\u2022 Verifique que los monopostes est\u00e9n bien sujetos antes de iniciar el transporte. Aseg\u00farese de que no haya partes m\u00f3viles o partes sueltas.<\/p><p>\u2022 Utilice siempre un veh\u00edculo adecuado para el transporte de monopostes. Si es posible, utilice una carretilla para trasladar los monopostes y aseg\u00farelos adecuadamente.<\/p><p>\u2022 Si va a transportar monopostes en una carretilla, aseg\u00farese de que el camino est\u00e9 libre de obst\u00e1culos antes de empezar.<\/p><p>\u2022 Aseg\u00farese de que los monopostes est\u00e9n correctamente etiquetados para identificar su contenido. Esto ayuda a prevenir lesiones si alguien accidentalmente se expone a materiales peligrosos.<\/p><p>\u2022 Nunca use monopostes en condiciones clim\u00e1ticas adversas. Esto puede aumentar el riesgo de accidentes.<\/p><p>Siguiendo estas pautas, es posible prevenir lesiones y da\u00f1os durante el transporte de monopostes. La seguridad deber\u00eda ser siempre la prioridad n\u00famero uno.<\/p>\t\t\t\t\t\t<\/div>\n\t\t\t\t<\/div>\n\t\t\t\t\t<\/div>\n\t\t<\/div>\n\t\t\t\t\t<\/div>\n\t\t<\/section>\n\t\t\t\t<\/div>\n\t\t","protected":false},"excerpt":{"rendered":"<p>Servicio de traslado de monopostes de una ubicaci\u00f3n a otra en toda Espa\u00f1a. El traslado de monopostes es una t\u00e9cnica de movimiento que se utiliza para transportar grandes objetos, como maquinaria, puentes o estructuras met\u00e1licas. En lugar de cargar el objeto completo, se divide en secciones m\u00e1s peque\u00f1as y luego se monta en una serie&hellip; <br \/> <a class=\"read-more\" href=\"https:\/\/montajespublicitarios.net\/index.php\/traslado-de-monopostes\/\">Leer m\u00e1s<\/a><\/p>\n","protected":false},"author":1,"featured_media":0,"parent":0,"menu_order":0,"comment_status":"closed","ping_status":"closed","template":"","meta":{"footnotes":""},"class_list":["post-417","page","type-page","status-publish","hentry"],"aioseo_notices":[],"_links":{"self":[{"href":"https:\/\/montajespublicitarios.net\/index.php\/wp-json\/wp\/v2\/pages\/417","targetHints":{"allow":["GET"]}}],"collection":[{"href":"https:\/\/montajespublicitarios.net\/index.php\/wp-json\/wp\/v2\/pages"}],"about":[{"href":"https:\/\/montajespublicitarios.net\/index.php\/wp-json\/wp\/v2\/types\/page"}],"author":[{"embeddable":true,"href":"https:\/\/montajespublicitarios.net\/index.php\/wp-json\/wp\/v2\/users\/1"}],"replies":[{"embeddable":true,"href":"https:\/\/montajespublicitarios.net\/index.php\/wp-json\/wp\/v2\/comments?post=417"}],"version-history":[{"count":4,"href":"https:\/\/montajespublicitarios.net\/index.php\/wp-json\/wp\/v2\/pages\/417\/revisions"}],"predecessor-version":[{"id":433,"href":"https:\/\/montajespublicitarios.net\/index.php\/wp-json\/wp\/v2\/pages\/417\/revisions\/433"}],"wp:attachment":[{"href":"https:\/\/montajespublicitarios.net\/index.php\/wp-json\/wp\/v2\/media?parent=417"}],"curies":[{"name":"wp","href":"https:\/\/api.w.org\/{rel}","templated":true}]}}