{"id":69,"date":"2020-09-10T16:27:06","date_gmt":"2020-09-10T16:27:06","guid":{"rendered":"https:\/\/montajespublicitarios.net\/?page_id=69"},"modified":"2020-09-17T17:19:53","modified_gmt":"2020-09-17T17:19:53","slug":"empresa","status":"publish","type":"page","link":"https:\/\/montajespublicitarios.net\/index.php\/empresa\/","title":{"rendered":"La empresa"},"content":{"rendered":"\t\t<div data-elementor-type=\"wp-page\" data-elementor-id=\"69\" class=\"elementor elementor-69\">\n\t\t\t\t\t\t<section class=\"elementor-section elementor-top-section elementor-element elementor-element-4dfdfee elementor-section-boxed elementor-section-height-default elementor-section-height-default\" data-id=\"4dfdfee\" data-element_type=\"section\">\n\t\t\t\t\t\t<div class=\"elementor-container elementor-column-gap-default\">\n\t\t\t\t\t<div class=\"elementor-column elementor-col-100 elementor-top-column elementor-element elementor-element-85f5975\" data-id=\"85f5975\" data-element_type=\"column\">\n\t\t\t<div class=\"elementor-widget-wrap elementor-element-populated\">\n\t\t\t\t\t\t<div class=\"elementor-element elementor-element-b45362f elementor-widget elementor-widget-heading\" data-id=\"b45362f\" data-element_type=\"widget\" data-widget_type=\"heading.default\">\n\t\t\t\t<div class=\"elementor-widget-container\">\n\t\t\t<h4 class=\"elementor-heading-title elementor-size-default\">\u00bfQui\u00e9nes somos?<\/h4>\t\t<\/div>\n\t\t\t\t<\/div>\n\t\t\t\t\t<\/div>\n\t\t<\/div>\n\t\t\t\t\t<\/div>\n\t\t<\/section>\n\t\t\t\t<section class=\"elementor-section elementor-top-section elementor-element elementor-element-e29d50a elementor-section-boxed elementor-section-height-default elementor-section-height-default\" data-id=\"e29d50a\" data-element_type=\"section\">\n\t\t\t\t\t\t<div class=\"elementor-container elementor-column-gap-default\">\n\t\t\t\t\t<div class=\"elementor-column elementor-col-66 elementor-top-column elementor-element elementor-element-98ecebe\" data-id=\"98ecebe\" data-element_type=\"column\">\n\t\t\t<div class=\"elementor-widget-wrap elementor-element-populated\">\n\t\t\t\t\t\t<div class=\"elementor-element elementor-element-0776922 elementor-widget elementor-widget-text-editor\" data-id=\"0776922\" data-element_type=\"widget\" data-widget_type=\"text-editor.default\">\n\t\t\t\t<div class=\"elementor-widget-container\">\n\t\t\t\t\t\t\t<p>En <b>Montajes Publicitarios<\/b> nos dedicamos a todo tipo de montajes publicitarios. Disponemos de un amplio equipo de montadores profesionales con m\u00e1s de 15 a\u00f1os de experiencia profesional, perfectamente cualificados para realizar cualquier tipo de montaje y desmontaje publicitario interior\/exterior de forma r\u00e1pida y eficiente en todo el territorio nacional.<\/p><p>A lo largo de nuestra trayectoria profesional, son muchas las empresas que han depositado su confianza en nosotros y a las que seguimos ofreciendo nuestros servicios por todo el territorio.<\/p><p>Conscientes de la importancia que tiene el tema de la prevenci\u00f3n de riesgos, nuestros montadores disponen de toda la documentaci\u00f3n actualizada, estando la empresa inscrita en el REA. <\/p><p>Confianza, calidad y un acabado inmejorable son tres de los principales aspectos que podemos destacar de nuestra forma de trabajar.<\/p>\t\t\t\t\t\t<\/div>\n\t\t\t\t<\/div>\n\t\t\t\t\t<\/div>\n\t\t<\/div>\n\t\t\t\t<div class=\"elementor-column elementor-col-33 elementor-top-column elementor-element elementor-element-0d1db84\" data-id=\"0d1db84\" data-element_type=\"column\">\n\t\t\t<div class=\"elementor-widget-wrap elementor-element-populated\">\n\t\t\t\t\t\t<div class=\"elementor-element elementor-element-798448d elementor-widget elementor-widget-image\" data-id=\"798448d\" data-element_type=\"widget\" data-widget_type=\"image.default\">\n\t\t\t\t<div class=\"elementor-widget-container\">\n\t\t\t\t\t\t\t\t\t\t\t\t\t<img fetchpriority=\"high\" decoding=\"async\" width=\"359\" height=\"294\" src=\"https:\/\/montajespublicitarios.net\/wp-content\/uploads\/2020\/09\/foto_empresa.jpg\" class=\"attachment-large size-large wp-image-71\" alt=\"Montaje Publicidad\" srcset=\"https:\/\/montajespublicitarios.net\/wp-content\/uploads\/2020\/09\/foto_empresa.jpg 359w, https:\/\/montajespublicitarios.net\/wp-content\/uploads\/2020\/09\/foto_empresa-300x246.jpg 300w\" sizes=\"(max-width: 359px) 100vw, 359px\" \/>\t\t\t\t\t\t\t\t\t\t\t\t\t<\/div>\n\t\t\t\t<\/div>\n\t\t\t\t\t<\/div>\n\t\t<\/div>\n\t\t\t\t\t<\/div>\n\t\t<\/section>\n\t\t\t\t<section class=\"elementor-section elementor-top-section elementor-element elementor-element-931729b elementor-section-boxed elementor-section-height-default elementor-section-height-default\" data-id=\"931729b\" data-element_type=\"section\">\n\t\t\t\t\t\t<div class=\"elementor-container elementor-column-gap-default\">\n\t\t\t\t\t<div class=\"elementor-column elementor-col-100 elementor-top-column elementor-element elementor-element-e38e05c\" data-id=\"e38e05c\" data-element_type=\"column\">\n\t\t\t<div class=\"elementor-widget-wrap elementor-element-populated\">\n\t\t\t\t\t\t<div class=\"elementor-element elementor-element-08bdf6d elementor-widget elementor-widget-heading\" data-id=\"08bdf6d\" data-element_type=\"widget\" data-widget_type=\"heading.default\">\n\t\t\t\t<div class=\"elementor-widget-container\">\n\t\t\t<h4 class=\"elementor-heading-title elementor-size-default\">Garant\u00eda<\/h4>\t\t<\/div>\n\t\t\t\t<\/div>\n\t\t\t\t\t<\/div>\n\t\t<\/div>\n\t\t\t\t\t<\/div>\n\t\t<\/section>\n\t\t\t\t<section class=\"elementor-section elementor-top-section elementor-element elementor-element-5417774 elementor-section-boxed elementor-section-height-default elementor-section-height-default\" data-id=\"5417774\" data-element_type=\"section\">\n\t\t\t\t\t\t<div class=\"elementor-container elementor-column-gap-default\">\n\t\t\t\t\t<div class=\"elementor-column elementor-col-100 elementor-top-column elementor-element elementor-element-818b04e\" data-id=\"818b04e\" data-element_type=\"column\">\n\t\t\t<div class=\"elementor-widget-wrap elementor-element-populated\">\n\t\t\t\t\t\t<div class=\"elementor-element elementor-element-88269b7 elementor-widget elementor-widget-text-editor\" data-id=\"88269b7\" data-element_type=\"widget\" data-widget_type=\"text-editor.default\">\n\t\t\t\t<div class=\"elementor-widget-container\">\n\t\t\t\t\t\t\t<p>Todos nuestros trabajos est\u00e1n garantizados durante dos a\u00f1os contra cualquiler defecto de fabricaci\u00f3n o instalaci\u00f3n. Entregamos a la finalizaci\u00f3n del trabajo la ganart\u00eda sellada y numerada.<\/p>\t\t\t\t\t\t<\/div>\n\t\t\t\t<\/div>\n\t\t\t\t\t<\/div>\n\t\t<\/div>\n\t\t\t\t\t<\/div>\n\t\t<\/section>\n\t\t\t\t<\/div>\n\t\t","protected":false},"excerpt":{"rendered":"<p>\u00bfQui\u00e9nes somos? En Montajes Publicitarios nos dedicamos a todo tipo de montajes publicitarios. Disponemos de un amplio equipo de montadores profesionales con m\u00e1s de 15 a\u00f1os de experiencia profesional, perfectamente cualificados para realizar cualquier tipo de montaje y desmontaje publicitario interior\/exterior de forma r\u00e1pida y eficiente en todo el territorio nacional. A lo largo de&hellip; <br \/> <a class=\"read-more\" href=\"https:\/\/montajespublicitarios.net\/index.php\/empresa\/\">Leer m\u00e1s<\/a><\/p>\n","protected":false},"author":1,"featured_media":0,"parent":0,"menu_order":0,"comment_status":"closed","ping_status":"closed","template":"","meta":{"footnotes":""},"class_list":["post-69","page","type-page","status-publish","hentry"],"aioseo_notices":[],"_links":{"self":[{"href":"https:\/\/montajespublicitarios.net\/index.php\/wp-json\/wp\/v2\/pages\/69","targetHints":{"allow":["GET"]}}],"collection":[{"href":"https:\/\/montajespublicitarios.net\/index.php\/wp-json\/wp\/v2\/pages"}],"about":[{"href":"https:\/\/montajespublicitarios.net\/index.php\/wp-json\/wp\/v2\/types\/page"}],"author":[{"embeddable":true,"href":"https:\/\/montajespublicitarios.net\/index.php\/wp-json\/wp\/v2\/users\/1"}],"replies":[{"embeddable":true,"href":"https:\/\/montajespublicitarios.net\/index.php\/wp-json\/wp\/v2\/comments?post=69"}],"version-history":[{"count":11,"href":"https:\/\/montajespublicitarios.net\/index.php\/wp-json\/wp\/v2\/pages\/69\/revisions"}],"predecessor-version":[{"id":169,"href":"https:\/\/montajespublicitarios.net\/index.php\/wp-json\/wp\/v2\/pages\/69\/revisions\/169"}],"wp:attachment":[{"href":"https:\/\/montajespublicitarios.net\/index.php\/wp-json\/wp\/v2\/media?parent=69"}],"curies":[{"name":"wp","href":"https:\/\/api.w.org\/{rel}","templated":true}]}}